{"id":30118,"date":"2021-04-28T21:27:35","date_gmt":"2021-04-28T19:27:35","guid":{"rendered":"https:\/\/shop.madeofgenes.com\/salud\/sin%20categor\u00eda\/made-of-genes-pro-nutrition-copy\/"},"modified":"2021-11-22T13:14:48","modified_gmt":"2021-11-22T12:14:48","slug":"made-of-genes-pro-nutrition","status":"publish","type":"product","link":"https:\/\/shop.madeofgenes.com\/en\/health\/made-of-genes-pro-nutrition\/","title":{"rendered":"Made of Genes PRO NUTRITION"},"content":{"rendered":"<div>Encuentra el centro m\u00e1s pr\u00f3ximo para realizarte los test previos indicados:<br \/>\n<div class=\"btn-centro\" style=\"margin-bottom: 20px;\">\n        <a href=\"\/centros-extraccion\" style=\"font-family: Quicksand; font-weight: 800;font-size: 16px; padding: 10px 15px; background-color: #fecc30; color: #ffffff; border-radius: 25px\"><i class=\"fas fa-map-marker-alt\"><\/i> BUSCAR CENTROS<\/a>\n    <\/div><\/div>\n","protected":false},"excerpt":{"rendered":"<p>Made of Genes PRO NUTRITION es nuestro estudio molecular de salud personalizada centrado en nutrici\u00f3n personalizada. Integramos un test de ADN con una anal\u00edtica de sangre para ofrecerte un plan de salud con recomendaciones a tu medida. Entender\u00e1s c\u00f3mo cambiar tus h\u00e1bitos de alimentaci\u00f3n para mejorar tu salud general y aprovechar al m\u00e1ximo la comida. \u00a1Toma acci\u00f3n y consigue cuidarte sac\u00e1ndole el m\u00e1ximo partido a tu alimentaci\u00f3n!<\/p>\n<p><em><strong>\u00a1MUY IMPORTANTE!<\/strong>\u00a0Este producto es para uso personal, por eso los datos que introduzcas al comprarlo deben ser tuyos. En el caso que quieras sorprender regal\u00e1ndolo a alguien, visita nuestra <a href=\"https:\/\/shop.madeofgenes.com\/tienda-online\">secci\u00f3n de productos para regalar.<\/a><\/em><\/p>\n","protected":false},"featured_media":34730,"template":"","meta":{"site-sidebar-layout":"default","site-content-layout":"default","ast-site-content-layout":"default","site-content-style":"default","site-sidebar-style":"default","ast-global-header-display":"","ast-banner-title-visibility":"","ast-main-header-display":"","ast-hfb-above-header-display":"","ast-hfb-below-header-display":"","ast-hfb-mobile-header-display":"","site-post-title":"","ast-breadcrumbs-content":"","ast-featured-img":"","footer-sml-layout":"","theme-transparent-header-meta":"default","adv-header-id-meta":"","stick-header-meta":"default","header-above-stick-meta":"","header-main-stick-meta":"","header-below-stick-meta":"","astra-migrate-meta-layouts":"default","ast-page-background-enabled":"default","ast-page-background-meta":{"desktop":{"background-color":"","background-image":"","background-repeat":"repeat","background-position":"center center","background-size":"auto","background-attachment":"scroll","background-type":"","background-media":"","overlay-type":"","overlay-color":"","overlay-opacity":"","overlay-gradient":""},"tablet":{"background-color":"","background-image":"","background-repeat":"repeat","background-position":"center center","background-size":"auto","background-attachment":"scroll","background-type":"","background-media":"","overlay-type":"","overlay-color":"","overlay-opacity":"","overlay-gradient":""},"mobile":{"background-color":"","background-image":"","background-repeat":"repeat","background-position":"center center","background-size":"auto","background-attachment":"scroll","background-type":"","background-media":"","overlay-type":"","overlay-color":"","overlay-opacity":"","overlay-gradient":""}},"ast-content-background-meta":{"desktop":{"background-color":"var(--ast-global-color-5)","background-image":"","background-repeat":"repeat","background-position":"center center","background-size":"auto","background-attachment":"scroll","background-type":"","background-media":"","overlay-type":"","overlay-color":"","overlay-opacity":"","overlay-gradient":""},"tablet":{"background-color":"var(--ast-global-color-5)","background-image":"","background-repeat":"repeat","background-position":"center center","background-size":"auto","background-attachment":"scroll","background-type":"","background-media":"","overlay-type":"","overlay-color":"","overlay-opacity":"","overlay-gradient":""},"mobile":{"background-color":"var(--ast-global-color-5)","background-image":"","background-repeat":"repeat","background-position":"center center","background-size":"auto","background-attachment":"scroll","background-type":"","background-media":"","overlay-type":"","overlay-color":"","overlay-opacity":"","overlay-gradient":""}}},"product_brand":[],"product_cat":[183],"product_tag":[301],"class_list":{"0":"post-30118","1":"product","2":"type-product","3":"status-publish","4":"has-post-thumbnail","6":"product_cat-vital","7":"product_tag-single-purchase","8":"product_shipping_class-domicilio","9":"desktop-align-left","10":"tablet-align-left","11":"mobile-align-left","12":"ast-product-gallery-layout-vertical","13":"ast-product-gallery-with-no-image","14":"ast-product-tabs-layout-horizontal","16":"first","17":"instock","18":"sold-individually","19":"taxable","20":"shipping-taxable","21":"purchasable","22":"product-type-simple"},"composite_virtual":false,"composite_layout":"","composite_add_to_cart_form_location":"","composite_editable_in_cart":false,"composite_sold_individually_context":"","composite_shop_price_calc":"","composite_components":[],"composite_scenarios":[],"_links":{"self":[{"href":"https:\/\/shop.madeofgenes.com\/en\/wp-json\/wp\/v2\/product\/30118","targetHints":{"allow":["GET"]}}],"collection":[{"href":"https:\/\/shop.madeofgenes.com\/en\/wp-json\/wp\/v2\/product"}],"about":[{"href":"https:\/\/shop.madeofgenes.com\/en\/wp-json\/wp\/v2\/types\/product"}],"wp:featuredmedia":[{"embeddable":true,"href":"https:\/\/shop.madeofgenes.com\/en\/wp-json\/wp\/v2\/media\/34730"}],"wp:attachment":[{"href":"https:\/\/shop.madeofgenes.com\/en\/wp-json\/wp\/v2\/media?parent=30118"}],"wp:term":[{"taxonomy":"product_brand","embeddable":true,"href":"https:\/\/shop.madeofgenes.com\/en\/wp-json\/wp\/v2\/product_brand?post=30118"},{"taxonomy":"product_cat","embeddable":true,"href":"https:\/\/shop.madeofgenes.com\/en\/wp-json\/wp\/v2\/product_cat?post=30118"},{"taxonomy":"product_tag","embeddable":true,"href":"https:\/\/shop.madeofgenes.com\/en\/wp-json\/wp\/v2\/product_tag?post=30118"}],"curies":[{"name":"wp","href":"https:\/\/api.w.org\/{rel}","templated":true}]}}