{"id":34158,"date":"2021-08-31T12:33:41","date_gmt":"2021-08-31T10:33:41","guid":{"rendered":"https:\/\/shop.madeofgenes.com\/?post_type=product&#038;p=34158"},"modified":"2021-11-17T11:32:33","modified_gmt":"2021-11-17T10:32:33","slug":"sin-coaching","status":"publish","type":"product","link":"https:\/\/shop.madeofgenes.com\/en\/health\/sin-coaching\/","title":{"rendered":"Con soporte b\u00e1sico"},"content":{"rendered":"","protected":false},"excerpt":{"rendered":"<p>\u00bfEst\u00e1s seguro? Podr\u00e1s resolver tus dudas puntuales sobre el producto o la prestaci\u00f3n del servicio, pero no se realizar\u00e1 la interpretaci\u00f3n de los resultados mediante este servicio. En Made of Genes te recomendamos que incluyas el seguimiento y acompa\u00f1amiento con uno de nuestros Health Coaches, quien te ayudar\u00e1 a interpretar y a poner en pr\u00e1ctica tus recomendaciones personalizadas. De esta manera, podr\u00e1s alcanzar tus objetivos de salud de forma m\u00e1s eficiente.<\/p>\n<p><strong>Esta opci\u00f3n incluye, ahora:<\/strong><\/p>\n<ul>\n<li style=\"font-weight: 300;\" aria-level=\"1\">Anal\u00edtica inicial FOCUS<\/li>\n<li style=\"font-weight: 300;\" aria-level=\"1\">Informe de resultados iniciales<\/li>\n<\/ul>\n","protected":false},"featured_media":36590,"template":"","meta":{"site-sidebar-layout":"default","site-content-layout":"default","ast-site-content-layout":"default","site-content-style":"default","site-sidebar-style":"default","ast-global-header-display":"","ast-banner-title-visibility":"","ast-main-header-display":"","ast-hfb-above-header-display":"","ast-hfb-below-header-display":"","ast-hfb-mobile-header-display":"","site-post-title":"","ast-breadcrumbs-content":"","ast-featured-img":"","footer-sml-layout":"","theme-transparent-header-meta":"default","adv-header-id-meta":"","stick-header-meta":"default","header-above-stick-meta":"","header-main-stick-meta":"","header-below-stick-meta":"","astra-migrate-meta-layouts":"default","ast-page-background-enabled":"default","ast-page-background-meta":{"desktop":{"background-color":"","background-image":"","background-repeat":"repeat","background-position":"center center","background-size":"auto","background-attachment":"scroll","background-type":"","background-media":"","overlay-type":"","overlay-color":"","overlay-opacity":"","overlay-gradient":""},"tablet":{"background-color":"","background-image":"","background-repeat":"repeat","background-position":"center center","background-size":"auto","background-attachment":"scroll","background-type":"","background-media":"","overlay-type":"","overlay-color":"","overlay-opacity":"","overlay-gradient":""},"mobile":{"background-color":"","background-image":"","background-repeat":"repeat","background-position":"center center","background-size":"auto","background-attachment":"scroll","background-type":"","background-media":"","overlay-type":"","overlay-color":"","overlay-opacity":"","overlay-gradient":""}},"ast-content-background-meta":{"desktop":{"background-color":"var(--ast-global-color-5)","background-image":"","background-repeat":"repeat","background-position":"center center","background-size":"auto","background-attachment":"scroll","background-type":"","background-media":"","overlay-type":"","overlay-color":"","overlay-opacity":"","overlay-gradient":""},"tablet":{"background-color":"var(--ast-global-color-5)","background-image":"","background-repeat":"repeat","background-position":"center center","background-size":"auto","background-attachment":"scroll","background-type":"","background-media":"","overlay-type":"","overlay-color":"","overlay-opacity":"","overlay-gradient":""},"mobile":{"background-color":"var(--ast-global-color-5)","background-image":"","background-repeat":"repeat","background-position":"center center","background-size":"auto","background-attachment":"scroll","background-type":"","background-media":"","overlay-type":"","overlay-color":"","overlay-opacity":"","overlay-gradient":""}}},"product_brand":[],"product_cat":[387,382],"product_tag":[],"class_list":{"0":"post-34158","1":"product","2":"type-product","3":"status-publish","4":"has-post-thumbnail","6":"product_cat-coaching_focus","7":"product_cat-coachings","8":"desktop-align-left","9":"tablet-align-left","10":"mobile-align-left","11":"ast-product-gallery-layout-vertical","12":"ast-product-gallery-with-no-image","13":"ast-product-tabs-layout-horizontal","15":"first","16":"instock","17":"virtual","18":"taxable","19":"purchasable","20":"product-type-simple"},"composite_virtual":false,"composite_layout":"","composite_add_to_cart_form_location":"","composite_editable_in_cart":false,"composite_sold_individually_context":"","composite_shop_price_calc":"","composite_components":[],"composite_scenarios":[],"_links":{"self":[{"href":"https:\/\/shop.madeofgenes.com\/en\/wp-json\/wp\/v2\/product\/34158","targetHints":{"allow":["GET"]}}],"collection":[{"href":"https:\/\/shop.madeofgenes.com\/en\/wp-json\/wp\/v2\/product"}],"about":[{"href":"https:\/\/shop.madeofgenes.com\/en\/wp-json\/wp\/v2\/types\/product"}],"wp:featuredmedia":[{"embeddable":true,"href":"https:\/\/shop.madeofgenes.com\/en\/wp-json\/wp\/v2\/media\/36590"}],"wp:attachment":[{"href":"https:\/\/shop.madeofgenes.com\/en\/wp-json\/wp\/v2\/media?parent=34158"}],"wp:term":[{"taxonomy":"product_brand","embeddable":true,"href":"https:\/\/shop.madeofgenes.com\/en\/wp-json\/wp\/v2\/product_brand?post=34158"},{"taxonomy":"product_cat","embeddable":true,"href":"https:\/\/shop.madeofgenes.com\/en\/wp-json\/wp\/v2\/product_cat?post=34158"},{"taxonomy":"product_tag","embeddable":true,"href":"https:\/\/shop.madeofgenes.com\/en\/wp-json\/wp\/v2\/product_tag?post=34158"}],"curies":[{"name":"wp","href":"https:\/\/api.w.org\/{rel}","templated":true}]}}