{"id":35020,"date":"2021-09-17T11:19:54","date_gmt":"2021-09-17T09:19:54","guid":{"rendered":"https:\/\/shop.madeofgenes.com\/salud\/focus-fitness-copy\/"},"modified":"2021-11-17T11:34:39","modified_gmt":"2021-11-17T10:34:39","slug":"focus-bienestar-emocional","status":"publish","type":"product","link":"https:\/\/shop.madeofgenes.com\/en\/health\/focus-bienestar-emocional\/","title":{"rendered":"Made of Genes FOCUS Bienestar Emocional"},"content":{"rendered":"","protected":false},"excerpt":{"rendered":"<p>Made of Genes te ofrece un programa de cambio de h\u00e1bitos que incluye una gu\u00eda de salud con recomendaciones personalizadas para tu bienestar emocional a partir del an\u00e1lisis, integraci\u00f3n e interpretaci\u00f3n de tus datos gen\u00e9ticos y bioqu\u00edmicos.<\/p>\n","protected":false},"featured_media":35022,"template":"","meta":{"site-sidebar-layout":"default","site-content-layout":"default","ast-site-content-layout":"default","site-content-style":"default","site-sidebar-style":"default","ast-global-header-display":"","ast-banner-title-visibility":"","ast-main-header-display":"","ast-hfb-above-header-display":"","ast-hfb-below-header-display":"","ast-hfb-mobile-header-display":"","site-post-title":"","ast-breadcrumbs-content":"","ast-featured-img":"","footer-sml-layout":"","theme-transparent-header-meta":"default","adv-header-id-meta":"","stick-header-meta":"default","header-above-stick-meta":"","header-main-stick-meta":"","header-below-stick-meta":"","astra-migrate-meta-layouts":"default","ast-page-background-enabled":"default","ast-page-background-meta":{"desktop":{"background-color":"","background-image":"","background-repeat":"repeat","background-position":"center center","background-size":"auto","background-attachment":"scroll","background-type":"","background-media":"","overlay-type":"","overlay-color":"","overlay-opacity":"","overlay-gradient":""},"tablet":{"background-color":"","background-image":"","background-repeat":"repeat","background-position":"center center","background-size":"auto","background-attachment":"scroll","background-type":"","background-media":"","overlay-type":"","overlay-color":"","overlay-opacity":"","overlay-gradient":""},"mobile":{"background-color":"","background-image":"","background-repeat":"repeat","background-position":"center center","background-size":"auto","background-attachment":"scroll","background-type":"","background-media":"","overlay-type":"","overlay-color":"","overlay-opacity":"","overlay-gradient":""}},"ast-content-background-meta":{"desktop":{"background-color":"var(--ast-global-color-5)","background-image":"","background-repeat":"repeat","background-position":"center center","background-size":"auto","background-attachment":"scroll","background-type":"","background-media":"","overlay-type":"","overlay-color":"","overlay-opacity":"","overlay-gradient":""},"tablet":{"background-color":"var(--ast-global-color-5)","background-image":"","background-repeat":"repeat","background-position":"center center","background-size":"auto","background-attachment":"scroll","background-type":"","background-media":"","overlay-type":"","overlay-color":"","overlay-opacity":"","overlay-gradient":""},"mobile":{"background-color":"var(--ast-global-color-5)","background-image":"","background-repeat":"repeat","background-position":"center center","background-size":"auto","background-attachment":"scroll","background-type":"","background-media":"","overlay-type":"","overlay-color":"","overlay-opacity":"","overlay-gradient":""}}},"product_brand":[],"product_cat":[381,391],"product_tag":[301],"class_list":{"0":"post-35020","1":"product","2":"type-product","3":"status-publish","4":"has-post-thumbnail","6":"product_cat-focus","7":"product_cat-focus-perfil","8":"product_tag-single-purchase","9":"desktop-align-left","10":"tablet-align-left","11":"mobile-align-left","12":"ast-product-gallery-layout-vertical","13":"ast-product-gallery-with-no-image","14":"ast-product-tabs-layout-horizontal","16":"first","17":"instock","18":"virtual","19":"sold-individually","20":"taxable","21":"purchasable","22":"product-type-simple"},"composite_virtual":false,"composite_layout":"","composite_add_to_cart_form_location":"","composite_editable_in_cart":false,"composite_sold_individually_context":"","composite_shop_price_calc":"","composite_components":[],"composite_scenarios":[],"_links":{"self":[{"href":"https:\/\/shop.madeofgenes.com\/en\/wp-json\/wp\/v2\/product\/35020","targetHints":{"allow":["GET"]}}],"collection":[{"href":"https:\/\/shop.madeofgenes.com\/en\/wp-json\/wp\/v2\/product"}],"about":[{"href":"https:\/\/shop.madeofgenes.com\/en\/wp-json\/wp\/v2\/types\/product"}],"wp:featuredmedia":[{"embeddable":true,"href":"https:\/\/shop.madeofgenes.com\/en\/wp-json\/wp\/v2\/media\/35022"}],"wp:attachment":[{"href":"https:\/\/shop.madeofgenes.com\/en\/wp-json\/wp\/v2\/media?parent=35020"}],"wp:term":[{"taxonomy":"product_brand","embeddable":true,"href":"https:\/\/shop.madeofgenes.com\/en\/wp-json\/wp\/v2\/product_brand?post=35020"},{"taxonomy":"product_cat","embeddable":true,"href":"https:\/\/shop.madeofgenes.com\/en\/wp-json\/wp\/v2\/product_cat?post=35020"},{"taxonomy":"product_tag","embeddable":true,"href":"https:\/\/shop.madeofgenes.com\/en\/wp-json\/wp\/v2\/product_tag?post=35020"}],"curies":[{"name":"wp","href":"https:\/\/api.w.org\/{rel}","templated":true}]}}