{"id":35035,"date":"2021-09-17T11:53:23","date_gmt":"2021-09-17T09:53:23","guid":{"rendered":"https:\/\/shop.madeofgenes.com\/?post_type=product&#038;p=35035"},"modified":"2021-10-26T11:37:38","modified_gmt":"2021-10-26T09:37:38","slug":"estudio-focus-salud-osea","status":"publish","type":"product","link":"https:\/\/shop.madeofgenes.com\/en\/health\/estudio-focus-salud-osea\/","title":{"rendered":"Made of Genes FOCUS Salud \u00d3sea"},"content":{"rendered":"","protected":false},"excerpt":{"rendered":"<p>Made of Genes te ofrece un programa de cambio de h\u00e1bitos que incluye una gu\u00eda de salud con recomendaciones personalizadas para tu salud \u00f3sea a partir del an\u00e1lisis, integraci\u00f3n e interpretaci\u00f3n de tus datos gen\u00e9ticos y bioqu\u00edmicos.<\/p>\n","protected":false},"featured_media":35032,"template":"","meta":{"site-sidebar-layout":"default","site-content-layout":"default","ast-site-content-layout":"default","site-content-style":"default","site-sidebar-style":"default","ast-global-header-display":"","ast-banner-title-visibility":"","ast-main-header-display":"","ast-hfb-above-header-display":"","ast-hfb-below-header-display":"","ast-hfb-mobile-header-display":"","site-post-title":"","ast-breadcrumbs-content":"","ast-featured-img":"","footer-sml-layout":"","theme-transparent-header-meta":"default","adv-header-id-meta":"","stick-header-meta":"default","header-above-stick-meta":"","header-main-stick-meta":"","header-below-stick-meta":"","astra-migrate-meta-layouts":"default","ast-page-background-enabled":"default","ast-page-background-meta":{"desktop":{"background-color":"","background-image":"","background-repeat":"repeat","background-position":"center center","background-size":"auto","background-attachment":"scroll","background-type":"","background-media":"","overlay-type":"","overlay-color":"","overlay-opacity":"","overlay-gradient":""},"tablet":{"background-color":"","background-image":"","background-repeat":"repeat","background-position":"center center","background-size":"auto","background-attachment":"scroll","background-type":"","background-media":"","overlay-type":"","overlay-color":"","overlay-opacity":"","overlay-gradient":""},"mobile":{"background-color":"","background-image":"","background-repeat":"repeat","background-position":"center center","background-size":"auto","background-attachment":"scroll","background-type":"","background-media":"","overlay-type":"","overlay-color":"","overlay-opacity":"","overlay-gradient":""}},"ast-content-background-meta":{"desktop":{"background-color":"var(--ast-global-color-5)","background-image":"","background-repeat":"repeat","background-position":"center center","background-size":"auto","background-attachment":"scroll","background-type":"","background-media":"","overlay-type":"","overlay-color":"","overlay-opacity":"","overlay-gradient":""},"tablet":{"background-color":"var(--ast-global-color-5)","background-image":"","background-repeat":"repeat","background-position":"center center","background-size":"auto","background-attachment":"scroll","background-type":"","background-media":"","overlay-type":"","overlay-color":"","overlay-opacity":"","overlay-gradient":""},"mobile":{"background-color":"var(--ast-global-color-5)","background-image":"","background-repeat":"repeat","background-position":"center center","background-size":"auto","background-attachment":"scroll","background-type":"","background-media":"","overlay-type":"","overlay-color":"","overlay-opacity":"","overlay-gradient":""}}},"product_brand":[],"product_cat":[381,395],"product_tag":[301],"class_list":{"0":"post-35035","1":"product","2":"type-product","3":"status-publish","4":"has-post-thumbnail","6":"product_cat-focus","7":"product_cat-pack-focus","8":"product_tag-single-purchase","9":"desktop-align-left","10":"tablet-align-left","11":"mobile-align-left","12":"ast-product-gallery-layout-vertical","13":"ast-product-gallery-with-no-image","14":"ast-product-tabs-layout-horizontal","16":"first","17":"instock","18":"virtual","19":"sold-individually","20":"taxable","21":"purchasable","22":"product-type-composite"},"composite_virtual":true,"composite_layout":"single","composite_add_to_cart_form_location":"default","composite_editable_in_cart":false,"composite_sold_individually_context":"product","composite_shop_price_calc":"defaults","composite_components":[{"id":"1630428080","title":"Estudio Molecular","description":"","query_type":"product_ids","query_ids":[35031],"default_option_id":35031,"thumbnail_id":"","thumbnail_src":"","quantity_min":1,"quantity_max":1,"priced_individually":true,"shipped_individually":false,"optional":false,"discount":"","options_style":"dropdowns","pagination_style":"classic","display_prices":"absolute","show_sorting_options":false,"show_filtering_options":false,"attribute_filter_ids":[],"select_action":"view","product_title_visible":true,"product_descr_visible":true,"product_price_visible":true,"product_thumb_visible":true,"subtotal_visible_product":false,"subtotal_visible_cart":false,"subtotal_visible_orders":false},{"id":"1630424417","title":"Health Coaching","description":"","query_type":"category_ids","query_ids":[387],"default_option_id":34158,"thumbnail_id":33936,"thumbnail_src":"https:\/\/shop.madeofgenes.com\/wp-content\/uploads\/2021\/08\/programa-wellbeing.svg","quantity_min":1,"quantity_max":1,"priced_individually":true,"shipped_individually":false,"optional":false,"discount":"","options_style":"thumbnails","pagination_style":"classic","display_prices":"absolute","show_sorting_options":false,"show_filtering_options":false,"attribute_filter_ids":[],"select_action":"view","product_title_visible":true,"product_descr_visible":true,"product_price_visible":false,"product_thumb_visible":false,"subtotal_visible_product":false,"subtotal_visible_cart":false,"subtotal_visible_orders":false}],"composite_scenarios":[],"_links":{"self":[{"href":"https:\/\/shop.madeofgenes.com\/en\/wp-json\/wp\/v2\/product\/35035","targetHints":{"allow":["GET"]}}],"collection":[{"href":"https:\/\/shop.madeofgenes.com\/en\/wp-json\/wp\/v2\/product"}],"about":[{"href":"https:\/\/shop.madeofgenes.com\/en\/wp-json\/wp\/v2\/types\/product"}],"wp:featuredmedia":[{"embeddable":true,"href":"https:\/\/shop.madeofgenes.com\/en\/wp-json\/wp\/v2\/media\/35032"}],"wp:attachment":[{"href":"https:\/\/shop.madeofgenes.com\/en\/wp-json\/wp\/v2\/media?parent=35035"}],"wp:term":[{"taxonomy":"product_brand","embeddable":true,"href":"https:\/\/shop.madeofgenes.com\/en\/wp-json\/wp\/v2\/product_brand?post=35035"},{"taxonomy":"product_cat","embeddable":true,"href":"https:\/\/shop.madeofgenes.com\/en\/wp-json\/wp\/v2\/product_cat?post=35035"},{"taxonomy":"product_tag","embeddable":true,"href":"https:\/\/shop.madeofgenes.com\/en\/wp-json\/wp\/v2\/product_tag?post=35035"}],"curies":[{"name":"wp","href":"https:\/\/api.w.org\/{rel}","templated":true}]}}